{"id":12848,"date":"2024-01-01T09:35:11","date_gmt":"2024-01-01T14:35:11","guid":{"rendered":"https:\/\/colegiolaesperanza.edu.co\/website\/?page_id=12848"},"modified":"2026-01-14T16:55:47","modified_gmt":"2026-01-14T21:55:47","slug":"pqrs","status":"publish","type":"page","link":"https:\/\/colegiolaesperanza.edu.co\/website\/pqrs\/","title":{"rendered":"PQRS"},"content":{"rendered":"\t\t<div data-elementor-type=\"wp-page\" data-elementor-id=\"12848\" class=\"elementor elementor-12848\" data-elementor-post-type=\"page\">\n\t\t\t\t        <div class=\"elementor-section elementor-top-section elementor-element elementor-element-866870b elementor-section-height-min-height elementor-section-items-stretch elementor-section-boxed elementor-section-height-default pxl-row-scroll-none pxl-section-overflow-visible pxl-bg-color-none pxl-section-overlay-none\" data-id=\"866870b\" data-element_type=\"section\" data-e-type=\"section\">\n\n                            <div class=\"elementor-background-overlay\"><\/div>\n            \n                <div class=\"elementor-container elementor-column-gap-no \">\n                <div class=\"elementor-column elementor-col-100 elementor-top-column elementor-element elementor-element-258bbf9 pxl-column-none pxl-column-overflow-hidden-no\" data-id=\"258bbf9\" data-element_type=\"column\" data-e-type=\"column\">\r\n        <div class=\"elementor-widget-wrap\">\r\n                     \r\n                    <\/div>\r\n        <\/div>\r\n        \t\t\t<\/div>\n\t\t<\/div>\n\t\t<div class=\"elementor-element elementor-element-e24fe33 e-flex e-con-boxed e-con e-parent \" data-id=\"e24fe33\" data-element_type=\"container\" data-e-type=\"container\" data-settings=\"{&quot;background_background&quot;:&quot;classic&quot;}\">\t\t\t<div class=\"e-con-inner\">\r\n\t\t<div class=\"elementor-element elementor-element-f986f58 e-con-full e-flex e-con e-child \" data-id=\"f986f58\" data-element_type=\"container\" data-e-type=\"container\">\t\t<div class=\"elementor-element elementor-element-9ea3c5c dsvy-accordion-style1 elementor-widget elementor-widget-accordion\" data-id=\"9ea3c5c\" data-element_type=\"widget\" data-e-type=\"widget\" data-widget_type=\"accordion.default\">\n\t\t\t\t\t\t\t<div class=\"elementor-accordion\">\n\t\t\t\t\t\t\t<div class=\"elementor-accordion-item\">\n\t\t\t\t\t<div id=\"elementor-tab-title-1661\" class=\"elementor-tab-title\" data-tab=\"1\" role=\"button\" aria-controls=\"elementor-tab-content-1661\" aria-expanded=\"false\">\n\t\t\t\t\t\t\t\t\t\t\t\t\t<span class=\"elementor-accordion-icon elementor-accordion-icon-right\" aria-hidden=\"true\">\n\t\t\t\t\t\t\t\t\t\t\t\t\t\t\t<span class=\"elementor-accordion-icon-closed\"><i class=\"fas fa-plus\"><\/i><\/span>\n\t\t\t\t\t\t\t\t<span class=\"elementor-accordion-icon-opened\"><i class=\"fas fa-minus\"><\/i><\/span>\n\t\t\t\t\t\t\t\t\t\t\t\t\t\t<\/span>\n\t\t\t\t\t\t\t\t\t\t\t\t<a class=\"elementor-accordion-title\" tabindex=\"0\">Petici\u00f3n<\/a>\n\t\t\t\t\t<\/div>\n\t\t\t\t\t<div id=\"elementor-tab-content-1661\" class=\"elementor-tab-content elementor-clearfix\" data-tab=\"1\" role=\"region\" aria-labelledby=\"elementor-tab-title-1661\"><p>Una petici\u00f3n es una solicitud de informaci\u00f3n o consulta presentada por los usuarios a la entidad, relacionada con la prestaci\u00f3n del servicio y debe ser respondida de manera completa y oportuna.<\/p><\/div>\n\t\t\t\t<\/div>\n\t\t\t\t\t\t\t<div class=\"elementor-accordion-item\">\n\t\t\t\t\t<div id=\"elementor-tab-title-1662\" class=\"elementor-tab-title\" data-tab=\"2\" role=\"button\" aria-controls=\"elementor-tab-content-1662\" aria-expanded=\"false\">\n\t\t\t\t\t\t\t\t\t\t\t\t\t<span class=\"elementor-accordion-icon elementor-accordion-icon-right\" aria-hidden=\"true\">\n\t\t\t\t\t\t\t\t\t\t\t\t\t\t\t<span class=\"elementor-accordion-icon-closed\"><i class=\"fas fa-plus\"><\/i><\/span>\n\t\t\t\t\t\t\t\t<span class=\"elementor-accordion-icon-opened\"><i class=\"fas fa-minus\"><\/i><\/span>\n\t\t\t\t\t\t\t\t\t\t\t\t\t\t<\/span>\n\t\t\t\t\t\t\t\t\t\t\t\t<a class=\"elementor-accordion-title\" tabindex=\"0\">Queja<\/a>\n\t\t\t\t\t<\/div>\n\t\t\t\t\t<div id=\"elementor-tab-content-1662\" class=\"elementor-tab-content elementor-clearfix\" data-tab=\"2\" role=\"region\" aria-labelledby=\"elementor-tab-title-1662\"><p>Una queja es la manifestaci\u00f3n de inconformidad o insatisfacci\u00f3n de un usuario respecto a la conducta de un servidor o empleado en la prestaci\u00f3n de un servicio.<\/p><\/div>\n\t\t\t\t<\/div>\n\t\t\t\t\t\t\t<div class=\"elementor-accordion-item\">\n\t\t\t\t\t<div id=\"elementor-tab-title-1663\" class=\"elementor-tab-title\" data-tab=\"3\" role=\"button\" aria-controls=\"elementor-tab-content-1663\" aria-expanded=\"false\">\n\t\t\t\t\t\t\t\t\t\t\t\t\t<span class=\"elementor-accordion-icon elementor-accordion-icon-right\" aria-hidden=\"true\">\n\t\t\t\t\t\t\t\t\t\t\t\t\t\t\t<span class=\"elementor-accordion-icon-closed\"><i class=\"fas fa-plus\"><\/i><\/span>\n\t\t\t\t\t\t\t\t<span class=\"elementor-accordion-icon-opened\"><i class=\"fas fa-minus\"><\/i><\/span>\n\t\t\t\t\t\t\t\t\t\t\t\t\t\t<\/span>\n\t\t\t\t\t\t\t\t\t\t\t\t<a class=\"elementor-accordion-title\" tabindex=\"0\">Reclamo<\/a>\n\t\t\t\t\t<\/div>\n\t\t\t\t\t<div id=\"elementor-tab-content-1663\" class=\"elementor-tab-content elementor-clearfix\" data-tab=\"3\" role=\"region\" aria-labelledby=\"elementor-tab-title-1663\"><p>Un reclamo es una declaraci\u00f3n formal presentada por un usuario debido al incumplimiento de un derecho que ha sido vulnerado o amenazado. Su objetivo es que la instituci\u00f3n revise y eval\u00fae la prestaci\u00f3n injustificada del servicio, tanto en t\u00e9rminos personales como econ\u00f3micos.<\/p><\/div>\n\t\t\t\t<\/div>\n\t\t\t\t\t\t\t<div class=\"elementor-accordion-item\">\n\t\t\t\t\t<div id=\"elementor-tab-title-1664\" class=\"elementor-tab-title\" data-tab=\"4\" role=\"button\" aria-controls=\"elementor-tab-content-1664\" aria-expanded=\"false\">\n\t\t\t\t\t\t\t\t\t\t\t\t\t<span class=\"elementor-accordion-icon elementor-accordion-icon-right\" aria-hidden=\"true\">\n\t\t\t\t\t\t\t\t\t\t\t\t\t\t\t<span class=\"elementor-accordion-icon-closed\"><i class=\"fas fa-plus\"><\/i><\/span>\n\t\t\t\t\t\t\t\t<span class=\"elementor-accordion-icon-opened\"><i class=\"fas fa-minus\"><\/i><\/span>\n\t\t\t\t\t\t\t\t\t\t\t\t\t\t<\/span>\n\t\t\t\t\t\t\t\t\t\t\t\t<a class=\"elementor-accordion-title\" tabindex=\"0\">Sugerencia<\/a>\n\t\t\t\t\t<\/div>\n\t\t\t\t\t<div id=\"elementor-tab-content-1664\" class=\"elementor-tab-content elementor-clearfix\" data-tab=\"4\" role=\"region\" aria-labelledby=\"elementor-tab-title-1664\"><p>Una sugerencia es una propuesta o recomendaci\u00f3n de un usuario para mejorar un proceso en una dependencia de la entidad o empresa y fomentar una gesti\u00f3n m\u00e1s participativa.<\/p><\/div>\n\t\t\t\t<\/div>\n\t\t\t\t\t\t\t<div class=\"elementor-accordion-item\">\n\t\t\t\t\t<div id=\"elementor-tab-title-1665\" class=\"elementor-tab-title\" data-tab=\"5\" role=\"button\" aria-controls=\"elementor-tab-content-1665\" aria-expanded=\"false\">\n\t\t\t\t\t\t\t\t\t\t\t\t\t<span class=\"elementor-accordion-icon elementor-accordion-icon-right\" aria-hidden=\"true\">\n\t\t\t\t\t\t\t\t\t\t\t\t\t\t\t<span class=\"elementor-accordion-icon-closed\"><i class=\"fas fa-plus\"><\/i><\/span>\n\t\t\t\t\t\t\t\t<span class=\"elementor-accordion-icon-opened\"><i class=\"fas fa-minus\"><\/i><\/span>\n\t\t\t\t\t\t\t\t\t\t\t\t\t\t<\/span>\n\t\t\t\t\t\t\t\t\t\t\t\t<a class=\"elementor-accordion-title\" tabindex=\"0\">Denuncia<\/a>\n\t\t\t\t\t<\/div>\n\t\t\t\t\t<div id=\"elementor-tab-content-1665\" class=\"elementor-tab-content elementor-clearfix\" data-tab=\"5\" role=\"region\" aria-labelledby=\"elementor-tab-title-1665\"><p>Una denuncia es la notificaci\u00f3n de una posible conducta irregular hecha por un ciudadano ante una autoridad competente para que se inicie una investigaci\u00f3n penal, disciplinaria, fiscal, administrativa-sancionatoria o \u00e9tico-profesional.<\/p><\/div>\n\t\t\t\t<\/div>\n\t\t\t\t\t\t\t<div class=\"elementor-accordion-item\">\n\t\t\t\t\t<div id=\"elementor-tab-title-1666\" class=\"elementor-tab-title\" data-tab=\"6\" role=\"button\" aria-controls=\"elementor-tab-content-1666\" aria-expanded=\"false\">\n\t\t\t\t\t\t\t\t\t\t\t\t\t<span class=\"elementor-accordion-icon elementor-accordion-icon-right\" aria-hidden=\"true\">\n\t\t\t\t\t\t\t\t\t\t\t\t\t\t\t<span class=\"elementor-accordion-icon-closed\"><i class=\"fas fa-plus\"><\/i><\/span>\n\t\t\t\t\t\t\t\t<span class=\"elementor-accordion-icon-opened\"><i class=\"fas fa-minus\"><\/i><\/span>\n\t\t\t\t\t\t\t\t\t\t\t\t\t\t<\/span>\n\t\t\t\t\t\t\t\t\t\t\t\t<a class=\"elementor-accordion-title\" tabindex=\"0\">Felicitaci\u00f3n<\/a>\n\t\t\t\t\t<\/div>\n\t\t\t\t\t<div id=\"elementor-tab-content-1666\" class=\"elementor-tab-content elementor-clearfix\" data-tab=\"6\" role=\"region\" aria-labelledby=\"elementor-tab-title-1666\"><p>Una felicitaci\u00f3n es un reconocimiento a funcionarios, contratistas, dependencias y\/o la instituci\u00f3n por su buena labor en los servicios ofrecidos a los usuarios.<\/p><\/div>\n\t\t\t\t<\/div>\n\t\t\t\t\t\t\t\t<\/div>\n\t\t\t\t\t\t<\/div>\n\t\t\t\t<\/div>\r\n\t\t<div class=\"elementor-element elementor-element-f080c26 e-con-full e-flex e-con e-child \" data-id=\"f080c26\" data-element_type=\"container\" data-e-type=\"container\" data-settings=\"{&quot;background_background&quot;:&quot;classic&quot;}\">\t\t<\/div>\r\n\t\t\t\t\t<\/div>\r\n\t\t\t\t<\/div>\r\n\t\t<div class=\"elementor-element elementor-element-8f532ad e-flex e-con-boxed e-con e-parent \" data-id=\"8f532ad\" data-element_type=\"container\" data-e-type=\"container\">\t\t\t<div class=\"e-con-inner\">\r\n\t\t<div class=\"elementor-element elementor-element-5b5dc63 e-con-full e-flex e-con e-child \" data-id=\"5b5dc63\" data-element_type=\"container\" data-e-type=\"container\">\t\t<\/div>\r\n\t\t<div class=\"elementor-element elementor-element-af1b9c6 e-con-full e-flex e-con e-child \" data-id=\"af1b9c6\" data-element_type=\"container\" data-e-type=\"container\">\t\t<\/div>\r\n\t\t<div class=\"elementor-element elementor-element-0d666d6 e-con-full e-flex e-con e-child \" data-id=\"0d666d6\" data-element_type=\"container\" data-e-type=\"container\">\t\t<\/div>\r\n\t\t\t\t\t<\/div>\r\n\t\t\t\t<\/div>\r\n\t\t\t\t<\/div>\n\t\t","protected":false},"excerpt":{"rendered":"<p>SISTEMA PQRS Peticiones &#8211; Quejas &#8211; Reclamos &#8211; Sugerencias Las PQRS son una herramienta a trav\u00e9s de la cual los usuarios tienen la oportunidad de presentar sus inquietudes y sugerencias SISTEMA PQRS \u00a1Mejoremos los servicios que ofrecemos! Para nosotros es muy importante contar con usted; por tanto, hemos implementado el SISTEMA DE INFORMACI\u00d3N Y ATENCI\u00d3N [&hellip;]<\/p>\n","protected":false},"author":5,"featured_media":0,"parent":0,"menu_order":10,"comment_status":"closed","ping_status":"closed","template":"","meta":{"rs_blank_template":"","rs_page_bg_color":"","slide_template_v7":"","footnotes":""},"class_list":["post-12848","page","type-page","status-publish","hentry"],"yoast_head":"<!-- This site is optimized with the Yoast SEO Premium plugin v27.4 (Yoast SEO v27.6) - https:\/\/yoast.com\/product\/yoast-seo-premium-wordpress\/ -->\n<title>PQRS | COLEGIO DE LA ESPERANZA<\/title>\n<meta name=\"robots\" content=\"index, follow, max-snippet:-1, max-image-preview:large, max-video-preview:-1\" \/>\n<link rel=\"canonical\" href=\"https:\/\/colegiolaesperanza.edu.co\/website\/pqrs\/\" \/>\n<meta property=\"og:locale\" content=\"es_ES\" \/>\n<meta property=\"og:type\" content=\"article\" \/>\n<meta property=\"og:title\" content=\"PQRS\" \/>\n<meta property=\"og:description\" content=\"SISTEMA PQRS Peticiones &#8211; Quejas &#8211; Reclamos &#8211; Sugerencias Las PQRS son una herramienta a trav\u00e9s de la cual los usuarios tienen la oportunidad de presentar sus inquietudes y sugerencias SISTEMA PQRS \u00a1Mejoremos los servicios que ofrecemos! Para nosotros es muy importante contar con usted; por tanto, hemos implementado el SISTEMA DE INFORMACI\u00d3N Y ATENCI\u00d3N [&hellip;]\" \/>\n<meta property=\"og:url\" content=\"https:\/\/colegiolaesperanza.edu.co\/website\/pqrs\/\" \/>\n<meta property=\"og:site_name\" content=\"COLEGIO DE LA ESPERANZA\" \/>\n<meta property=\"article:publisher\" content=\"https:\/\/www.facebook.com\/colegiodelaesperanza\/\" \/>\n<meta property=\"article:modified_time\" content=\"2026-01-14T21:55:47+00:00\" \/>\n<meta property=\"og:image\" content=\"https:\/\/colegiolaesperanza.edu.co\/website\/wp-content\/uploads\/2025\/01\/plataforma-cdle-2024.jpg\" \/>\n\t<meta property=\"og:image:width\" content=\"1030\" \/>\n\t<meta property=\"og:image:height\" content=\"490\" \/>\n\t<meta property=\"og:image:type\" content=\"image\/jpeg\" \/>\n<meta name=\"twitter:card\" content=\"summary_large_image\" \/>\n<meta name=\"twitter:site\" content=\"@CDLESPERANZA\" \/>\n<meta name=\"twitter:label1\" content=\"Tiempo de lectura\" \/>\n\t<meta name=\"twitter:data1\" content=\"1 minuto\" \/>\n<script type=\"application\/ld+json\" class=\"yoast-schema-graph\">{\"@context\":\"https:\\\/\\\/schema.org\",\"@graph\":[{\"@type\":\"WebPage\",\"@id\":\"https:\\\/\\\/colegiolaesperanza.edu.co\\\/website\\\/pqrs\\\/\",\"url\":\"https:\\\/\\\/colegiolaesperanza.edu.co\\\/website\\\/pqrs\\\/\",\"name\":\"PQRS | COLEGIO DE LA ESPERANZA\",\"isPartOf\":{\"@id\":\"https:\\\/\\\/colegiolaesperanza.edu.co\\\/website\\\/#website\"},\"datePublished\":\"2024-01-01T14:35:11+00:00\",\"dateModified\":\"2026-01-14T21:55:47+00:00\",\"breadcrumb\":{\"@id\":\"https:\\\/\\\/colegiolaesperanza.edu.co\\\/website\\\/pqrs\\\/#breadcrumb\"},\"inLanguage\":\"es-CO\",\"potentialAction\":[{\"@type\":\"ReadAction\",\"target\":[\"https:\\\/\\\/colegiolaesperanza.edu.co\\\/website\\\/pqrs\\\/\"]}]},{\"@type\":\"BreadcrumbList\",\"@id\":\"https:\\\/\\\/colegiolaesperanza.edu.co\\\/website\\\/pqrs\\\/#breadcrumb\",\"itemListElement\":[{\"@type\":\"ListItem\",\"position\":1,\"name\":\"Inicio\",\"item\":\"https:\\\/\\\/colegiolaesperanza.edu.co\\\/website\\\/\"},{\"@type\":\"ListItem\",\"position\":2,\"name\":\"PQRS\"}]},{\"@type\":\"WebSite\",\"@id\":\"https:\\\/\\\/colegiolaesperanza.edu.co\\\/website\\\/#website\",\"url\":\"https:\\\/\\\/colegiolaesperanza.edu.co\\\/website\\\/\",\"name\":\"COLEGIO DE LA ESPERANZA\",\"description\":\"Una Educaci\u00f3n S\u00f3lida, con el Prestigio y la Experiencia de M\u00e1s de 150 A\u00f1os.\",\"publisher\":{\"@id\":\"https:\\\/\\\/colegiolaesperanza.edu.co\\\/website\\\/#organization\"},\"potentialAction\":[{\"@type\":\"SearchAction\",\"target\":{\"@type\":\"EntryPoint\",\"urlTemplate\":\"https:\\\/\\\/colegiolaesperanza.edu.co\\\/website\\\/?s={search_term_string}\"},\"query-input\":{\"@type\":\"PropertyValueSpecification\",\"valueRequired\":true,\"valueName\":\"search_term_string\"}}],\"inLanguage\":\"es-CO\"},{\"@type\":\"Organization\",\"@id\":\"https:\\\/\\\/colegiolaesperanza.edu.co\\\/website\\\/#organization\",\"name\":\"COLEGIO DE LA ESPERANZA\",\"url\":\"https:\\\/\\\/colegiolaesperanza.edu.co\\\/website\\\/\",\"logo\":{\"@type\":\"ImageObject\",\"inLanguage\":\"es-CO\",\"@id\":\"https:\\\/\\\/colegiolaesperanza.edu.co\\\/website\\\/#\\\/schema\\\/logo\\\/image\\\/\",\"url\":\"https:\\\/\\\/colegiolaesperanza.edu.co\\\/website\\\/wp-content\\\/uploads\\\/2026\\\/01\\\/escudo-CDLE-ULTIMO2-5.png\",\"contentUrl\":\"https:\\\/\\\/colegiolaesperanza.edu.co\\\/website\\\/wp-content\\\/uploads\\\/2026\\\/01\\\/escudo-CDLE-ULTIMO2-5.png\",\"width\":1055,\"height\":1091,\"caption\":\"COLEGIO DE LA ESPERANZA\"},\"image\":{\"@id\":\"https:\\\/\\\/colegiolaesperanza.edu.co\\\/website\\\/#\\\/schema\\\/logo\\\/image\\\/\"},\"sameAs\":[\"https:\\\/\\\/www.facebook.com\\\/colegiodelaesperanza\\\/\",\"https:\\\/\\\/x.com\\\/CDLESPERANZA\",\"https:\\\/\\\/www.instagram.com\\\/colegiodelaesperanza\\\/\",\"https:\\\/\\\/www.youtube.com\\\/channel\\\/UCJ8ifhy6fCNILFvU7iQIlqQ\",\"https:\\\/\\\/www.tiktok.com\\\/@cdle.cartagena\",\"https:\\\/\\\/www.linkedin.com\\\/in\\\/cdle-colegio-de-la-esperanza-9278a3150\\\/\"],\"description\":\"Fundado el 2 de enero de 1870, con m\u00e1s de 150 a\u00f1os al servicio educativo de la regi\u00f3n. Principios de formaci\u00f3n: Instrucci\u00f3n y Disciplina. Brindamos una cuidadosa formaci\u00f3n integral dise\u00f1ada para desarrollar el potencial de tus hijos afianzando las habilidades acad\u00e9micas, f\u00edsicas y art\u00edsticas.\",\"email\":\"info@colegiolaesperanza.edu.co\",\"telephone\":\"+57 (605) 651-6294\",\"legalName\":\"Colegio de la Esperanza\",\"publishingPrinciples\":\"https:\\\/\\\/colegiolaesperanza.edu.co\\\/website\\\/blog-noticias\\\/\",\"ownershipFundingInfo\":\"https:\\\/\\\/colegiolaesperanza.edu.co\\\/website\\\/nuestra-institucion\\\/\",\"actionableFeedbackPolicy\":\"https:\\\/\\\/colegiolaesperanza.edu.co\\\/website\\\/politica-privacidad\\\/\",\"correctionsPolicy\":\"https:\\\/\\\/colegiolaesperanza.edu.co\\\/website\\\/politica-privacidad\\\/\",\"ethicsPolicy\":\"https:\\\/\\\/colegiolaesperanza.edu.co\\\/website\\\/politica-privacidad\\\/\",\"diversityPolicy\":\"https:\\\/\\\/colegiolaesperanza.edu.co\\\/website\\\/politica-privacidad\\\/\",\"diversityStaffingReport\":\"https:\\\/\\\/colegiolaesperanza.edu.co\\\/website\\\/politica-privacidad\\\/\"}]}<\/script>\n<!-- \/ Yoast SEO Premium plugin. -->","yoast_head_json":{"title":"PQRS | COLEGIO DE LA ESPERANZA","robots":{"index":"index","follow":"follow","max-snippet":"max-snippet:-1","max-image-preview":"max-image-preview:large","max-video-preview":"max-video-preview:-1"},"canonical":"https:\/\/colegiolaesperanza.edu.co\/website\/pqrs\/","og_locale":"es_ES","og_type":"article","og_title":"PQRS","og_description":"SISTEMA PQRS Peticiones &#8211; Quejas &#8211; Reclamos &#8211; Sugerencias Las PQRS son una herramienta a trav\u00e9s de la cual los usuarios tienen la oportunidad de presentar sus inquietudes y sugerencias SISTEMA PQRS \u00a1Mejoremos los servicios que ofrecemos! Para nosotros es muy importante contar con usted; por tanto, hemos implementado el SISTEMA DE INFORMACI\u00d3N Y ATENCI\u00d3N [&hellip;]","og_url":"https:\/\/colegiolaesperanza.edu.co\/website\/pqrs\/","og_site_name":"COLEGIO DE LA ESPERANZA","article_publisher":"https:\/\/www.facebook.com\/colegiodelaesperanza\/","article_modified_time":"2026-01-14T21:55:47+00:00","og_image":[{"width":1030,"height":490,"url":"https:\/\/colegiolaesperanza.edu.co\/website\/wp-content\/uploads\/2025\/01\/plataforma-cdle-2024.jpg","type":"image\/jpeg"}],"twitter_card":"summary_large_image","twitter_site":"@CDLESPERANZA","twitter_misc":{"Tiempo de lectura":"1 minuto"},"schema":{"@context":"https:\/\/schema.org","@graph":[{"@type":"WebPage","@id":"https:\/\/colegiolaesperanza.edu.co\/website\/pqrs\/","url":"https:\/\/colegiolaesperanza.edu.co\/website\/pqrs\/","name":"PQRS | COLEGIO DE LA ESPERANZA","isPartOf":{"@id":"https:\/\/colegiolaesperanza.edu.co\/website\/#website"},"datePublished":"2024-01-01T14:35:11+00:00","dateModified":"2026-01-14T21:55:47+00:00","breadcrumb":{"@id":"https:\/\/colegiolaesperanza.edu.co\/website\/pqrs\/#breadcrumb"},"inLanguage":"es-CO","potentialAction":[{"@type":"ReadAction","target":["https:\/\/colegiolaesperanza.edu.co\/website\/pqrs\/"]}]},{"@type":"BreadcrumbList","@id":"https:\/\/colegiolaesperanza.edu.co\/website\/pqrs\/#breadcrumb","itemListElement":[{"@type":"ListItem","position":1,"name":"Inicio","item":"https:\/\/colegiolaesperanza.edu.co\/website\/"},{"@type":"ListItem","position":2,"name":"PQRS"}]},{"@type":"WebSite","@id":"https:\/\/colegiolaesperanza.edu.co\/website\/#website","url":"https:\/\/colegiolaesperanza.edu.co\/website\/","name":"COLEGIO DE LA ESPERANZA","description":"Una Educaci\u00f3n S\u00f3lida, con el Prestigio y la Experiencia de M\u00e1s de 150 A\u00f1os.","publisher":{"@id":"https:\/\/colegiolaesperanza.edu.co\/website\/#organization"},"potentialAction":[{"@type":"SearchAction","target":{"@type":"EntryPoint","urlTemplate":"https:\/\/colegiolaesperanza.edu.co\/website\/?s={search_term_string}"},"query-input":{"@type":"PropertyValueSpecification","valueRequired":true,"valueName":"search_term_string"}}],"inLanguage":"es-CO"},{"@type":"Organization","@id":"https:\/\/colegiolaesperanza.edu.co\/website\/#organization","name":"COLEGIO DE LA ESPERANZA","url":"https:\/\/colegiolaesperanza.edu.co\/website\/","logo":{"@type":"ImageObject","inLanguage":"es-CO","@id":"https:\/\/colegiolaesperanza.edu.co\/website\/#\/schema\/logo\/image\/","url":"https:\/\/colegiolaesperanza.edu.co\/website\/wp-content\/uploads\/2026\/01\/escudo-CDLE-ULTIMO2-5.png","contentUrl":"https:\/\/colegiolaesperanza.edu.co\/website\/wp-content\/uploads\/2026\/01\/escudo-CDLE-ULTIMO2-5.png","width":1055,"height":1091,"caption":"COLEGIO DE LA ESPERANZA"},"image":{"@id":"https:\/\/colegiolaesperanza.edu.co\/website\/#\/schema\/logo\/image\/"},"sameAs":["https:\/\/www.facebook.com\/colegiodelaesperanza\/","https:\/\/x.com\/CDLESPERANZA","https:\/\/www.instagram.com\/colegiodelaesperanza\/","https:\/\/www.youtube.com\/channel\/UCJ8ifhy6fCNILFvU7iQIlqQ","https:\/\/www.tiktok.com\/@cdle.cartagena","https:\/\/www.linkedin.com\/in\/cdle-colegio-de-la-esperanza-9278a3150\/"],"description":"Fundado el 2 de enero de 1870, con m\u00e1s de 150 a\u00f1os al servicio educativo de la regi\u00f3n. Principios de formaci\u00f3n: Instrucci\u00f3n y Disciplina. Brindamos una cuidadosa formaci\u00f3n integral dise\u00f1ada para desarrollar el potencial de tus hijos afianzando las habilidades acad\u00e9micas, f\u00edsicas y art\u00edsticas.","email":"info@colegiolaesperanza.edu.co","telephone":"+57 (605) 651-6294","legalName":"Colegio de la Esperanza","publishingPrinciples":"https:\/\/colegiolaesperanza.edu.co\/website\/blog-noticias\/","ownershipFundingInfo":"https:\/\/colegiolaesperanza.edu.co\/website\/nuestra-institucion\/","actionableFeedbackPolicy":"https:\/\/colegiolaesperanza.edu.co\/website\/politica-privacidad\/","correctionsPolicy":"https:\/\/colegiolaesperanza.edu.co\/website\/politica-privacidad\/","ethicsPolicy":"https:\/\/colegiolaesperanza.edu.co\/website\/politica-privacidad\/","diversityPolicy":"https:\/\/colegiolaesperanza.edu.co\/website\/politica-privacidad\/","diversityStaffingReport":"https:\/\/colegiolaesperanza.edu.co\/website\/politica-privacidad\/"}]}},"_links":{"self":[{"href":"https:\/\/colegiolaesperanza.edu.co\/website\/wp-json\/wp\/v2\/pages\/12848","targetHints":{"allow":["GET"]}}],"collection":[{"href":"https:\/\/colegiolaesperanza.edu.co\/website\/wp-json\/wp\/v2\/pages"}],"about":[{"href":"https:\/\/colegiolaesperanza.edu.co\/website\/wp-json\/wp\/v2\/types\/page"}],"author":[{"embeddable":true,"href":"https:\/\/colegiolaesperanza.edu.co\/website\/wp-json\/wp\/v2\/users\/5"}],"replies":[{"embeddable":true,"href":"https:\/\/colegiolaesperanza.edu.co\/website\/wp-json\/wp\/v2\/comments?post=12848"}],"version-history":[{"count":1,"href":"https:\/\/colegiolaesperanza.edu.co\/website\/wp-json\/wp\/v2\/pages\/12848\/revisions"}],"predecessor-version":[{"id":17331,"href":"https:\/\/colegiolaesperanza.edu.co\/website\/wp-json\/wp\/v2\/pages\/12848\/revisions\/17331"}],"wp:attachment":[{"href":"https:\/\/colegiolaesperanza.edu.co\/website\/wp-json\/wp\/v2\/media?parent=12848"}],"curies":[{"name":"wp","href":"https:\/\/api.w.org\/{rel}","templated":true}]}}