{"id":12735,"date":"2024-01-01T15:45:12","date_gmt":"2024-01-01T20:45:12","guid":{"rendered":"https:\/\/colegiolaesperanza.edu.co\/website\/?page_id=12735"},"modified":"2026-01-14T16:55:30","modified_gmt":"2026-01-14T21:55:30","slug":"trabaja-con-nosotros","status":"publish","type":"page","link":"https:\/\/colegiolaesperanza.edu.co\/website\/trabaja-con-nosotros\/","title":{"rendered":"Trabaja con Nosotros"},"content":{"rendered":"\t\t<div data-elementor-type=\"wp-page\" data-elementor-id=\"12735\" class=\"elementor elementor-12735\" data-elementor-post-type=\"page\">\n\t\t\t\t        <section class=\"elementor-section elementor-top-section elementor-element elementor-element-98f1eee elementor-section-boxed elementor-section-height-default elementor-section-height-default pxl-row-scroll-none pxl-section-overflow-visible pxl-bg-color-none pxl-section-overlay-none\" data-id=\"98f1eee\" data-element_type=\"section\" data-e-type=\"section\">\n\n                \n                <div class=\"elementor-container elementor-column-gap-default \">\n                <div class=\"elementor-column elementor-col-100 elementor-top-column elementor-element elementor-element-f02d727 pxl-column-none pxl-column-overflow-hidden-no\" data-id=\"f02d727\" data-element_type=\"column\" data-e-type=\"column\">\r\n        <div class=\"elementor-widget-wrap\">\r\n                     \r\n                    <\/div>\r\n        <\/div>\r\n        \t\t\t<\/div>\n\t\t<\/section>\n\t\t<div class=\"elementor-element elementor-element-284c24a3 e-flex e-con-boxed e-con e-parent \" data-id=\"284c24a3\" data-element_type=\"container\" data-e-type=\"container\" data-settings=\"{&quot;background_background&quot;:&quot;classic&quot;}\">\t\t\t<div class=\"e-con-inner\">\r\n\t\t<div class=\"elementor-element elementor-element-2b8e65d8 e-con-full e-flex e-con e-child \" data-id=\"2b8e65d8\" data-element_type=\"container\" data-e-type=\"container\">\t\t<\/div>\r\n\t\t<div class=\"elementor-element elementor-element-685f907d e-con-full e-flex e-con e-child \" data-id=\"685f907d\" data-element_type=\"container\" data-e-type=\"container\" data-settings=\"{&quot;background_background&quot;:&quot;classic&quot;}\">\t\t<\/div>\r\n\t\t\t\t\t<\/div>\r\n\t\t\t\t<\/div>\r\n\t\t        <section class=\"elementor-section elementor-top-section elementor-element elementor-element-e93b15e elementor-section-boxed elementor-section-height-default elementor-section-height-default pxl-row-scroll-none pxl-section-overflow-visible pxl-bg-color-none pxl-section-overlay-none\" data-id=\"e93b15e\" data-element_type=\"section\" data-e-type=\"section\">\n\n                \n                <div class=\"elementor-container elementor-column-gap-no \">\n                <div class=\"elementor-column elementor-col-33 elementor-top-column elementor-element elementor-element-65a755d pxl-column-none pxl-column-overflow-hidden-no\" data-id=\"65a755d\" data-element_type=\"column\" data-e-type=\"column\">\r\n        <div class=\"elementor-widget-wrap\">\r\n                     \r\n                    <\/div>\r\n        <\/div>\r\n                <div class=\"elementor-column elementor-col-33 elementor-top-column elementor-element elementor-element-853df7d pxl-column-none pxl-column-overflow-hidden-no\" data-id=\"853df7d\" data-element_type=\"column\" data-e-type=\"column\">\r\n        <div class=\"elementor-widget-wrap\">\r\n                     \r\n                    <\/div>\r\n        <\/div>\r\n                <div class=\"elementor-column elementor-col-33 elementor-top-column elementor-element elementor-element-fb46b33 pxl-column-none pxl-column-overflow-hidden-no\" data-id=\"fb46b33\" data-element_type=\"column\" data-e-type=\"column\">\r\n        <div class=\"elementor-widget-wrap\">\r\n                     \r\n                    <\/div>\r\n        <\/div>\r\n        \t\t\t<\/div>\n\t\t<\/section>\n\t\t\t\t<\/div>\n\t\t","protected":false},"excerpt":{"rendered":"<p>TRABAJA CON NOSOTROS COLEGIO DE LA ESPERANZA Estamos Ubicados en el Barrio Crespo en la ciudad de Cartagena de Indias, Colombia. TRABAJA CON NOSOTROS \u00a1Se parte de la aventurade transformar vidas! El Colegio de la Esperanza concibe que su mayor fortaleza est\u00e1 representada en la competencia del equipo humano, lo que hace posible construir una [&hellip;]<\/p>\n","protected":false},"author":5,"featured_media":0,"parent":0,"menu_order":0,"comment_status":"closed","ping_status":"closed","template":"","meta":{"rs_blank_template":"","rs_page_bg_color":"","slide_template_v7":"","footnotes":""},"class_list":["post-12735","page","type-page","status-publish","hentry"],"yoast_head":"<!-- This site is optimized with the Yoast SEO Premium plugin v27.4 (Yoast SEO v27.6) - https:\/\/yoast.com\/product\/yoast-seo-premium-wordpress\/ -->\n<title>Trabaja con Nosotros | COLEGIO DE LA ESPERANZA<\/title>\n<meta name=\"robots\" content=\"index, follow, max-snippet:-1, max-image-preview:large, max-video-preview:-1\" \/>\n<link rel=\"canonical\" href=\"https:\/\/colegiolaesperanza.edu.co\/website\/trabaja-con-nosotros\/\" \/>\n<meta property=\"og:locale\" content=\"es_ES\" \/>\n<meta property=\"og:type\" content=\"article\" \/>\n<meta property=\"og:title\" content=\"Trabaja con Nosotros\" \/>\n<meta property=\"og:description\" content=\"TRABAJA CON NOSOTROS COLEGIO DE LA ESPERANZA Estamos Ubicados en el Barrio Crespo en la ciudad de Cartagena de Indias, Colombia. TRABAJA CON NOSOTROS \u00a1Se parte de la aventurade transformar vidas! El Colegio de la Esperanza concibe que su mayor fortaleza est\u00e1 representada en la competencia del equipo humano, lo que hace posible construir una [&hellip;]\" \/>\n<meta property=\"og:url\" content=\"https:\/\/colegiolaesperanza.edu.co\/website\/trabaja-con-nosotros\/\" \/>\n<meta property=\"og:site_name\" content=\"COLEGIO DE LA ESPERANZA\" \/>\n<meta property=\"article:publisher\" content=\"https:\/\/www.facebook.com\/colegiodelaesperanza\/\" \/>\n<meta property=\"article:modified_time\" content=\"2026-01-14T21:55:30+00:00\" \/>\n<meta property=\"og:image\" content=\"https:\/\/colegiolaesperanza.edu.co\/website\/wp-content\/uploads\/2025\/01\/plataforma-cdle-2024.jpg\" \/>\n\t<meta property=\"og:image:width\" content=\"1030\" \/>\n\t<meta property=\"og:image:height\" content=\"490\" \/>\n\t<meta property=\"og:image:type\" content=\"image\/jpeg\" \/>\n<meta name=\"twitter:card\" content=\"summary_large_image\" \/>\n<meta name=\"twitter:site\" content=\"@CDLESPERANZA\" \/>\n<meta name=\"twitter:label1\" content=\"Tiempo de lectura\" \/>\n\t<meta name=\"twitter:data1\" content=\"1 minuto\" \/>\n<script type=\"application\/ld+json\" class=\"yoast-schema-graph\">{\"@context\":\"https:\\\/\\\/schema.org\",\"@graph\":[{\"@type\":\"WebPage\",\"@id\":\"https:\\\/\\\/colegiolaesperanza.edu.co\\\/website\\\/trabaja-con-nosotros\\\/\",\"url\":\"https:\\\/\\\/colegiolaesperanza.edu.co\\\/website\\\/trabaja-con-nosotros\\\/\",\"name\":\"Trabaja con Nosotros | COLEGIO DE LA ESPERANZA\",\"isPartOf\":{\"@id\":\"https:\\\/\\\/colegiolaesperanza.edu.co\\\/website\\\/#website\"},\"datePublished\":\"2024-01-01T20:45:12+00:00\",\"dateModified\":\"2026-01-14T21:55:30+00:00\",\"breadcrumb\":{\"@id\":\"https:\\\/\\\/colegiolaesperanza.edu.co\\\/website\\\/trabaja-con-nosotros\\\/#breadcrumb\"},\"inLanguage\":\"es-CO\",\"potentialAction\":[{\"@type\":\"ReadAction\",\"target\":[\"https:\\\/\\\/colegiolaesperanza.edu.co\\\/website\\\/trabaja-con-nosotros\\\/\"]}]},{\"@type\":\"BreadcrumbList\",\"@id\":\"https:\\\/\\\/colegiolaesperanza.edu.co\\\/website\\\/trabaja-con-nosotros\\\/#breadcrumb\",\"itemListElement\":[{\"@type\":\"ListItem\",\"position\":1,\"name\":\"Inicio\",\"item\":\"https:\\\/\\\/colegiolaesperanza.edu.co\\\/website\\\/\"},{\"@type\":\"ListItem\",\"position\":2,\"name\":\"Trabaja con Nosotros\"}]},{\"@type\":\"WebSite\",\"@id\":\"https:\\\/\\\/colegiolaesperanza.edu.co\\\/website\\\/#website\",\"url\":\"https:\\\/\\\/colegiolaesperanza.edu.co\\\/website\\\/\",\"name\":\"COLEGIO DE LA ESPERANZA\",\"description\":\"Una Educaci\u00f3n S\u00f3lida, con el Prestigio y la Experiencia de M\u00e1s de 150 A\u00f1os.\",\"publisher\":{\"@id\":\"https:\\\/\\\/colegiolaesperanza.edu.co\\\/website\\\/#organization\"},\"potentialAction\":[{\"@type\":\"SearchAction\",\"target\":{\"@type\":\"EntryPoint\",\"urlTemplate\":\"https:\\\/\\\/colegiolaesperanza.edu.co\\\/website\\\/?s={search_term_string}\"},\"query-input\":{\"@type\":\"PropertyValueSpecification\",\"valueRequired\":true,\"valueName\":\"search_term_string\"}}],\"inLanguage\":\"es-CO\"},{\"@type\":\"Organization\",\"@id\":\"https:\\\/\\\/colegiolaesperanza.edu.co\\\/website\\\/#organization\",\"name\":\"COLEGIO DE LA ESPERANZA\",\"url\":\"https:\\\/\\\/colegiolaesperanza.edu.co\\\/website\\\/\",\"logo\":{\"@type\":\"ImageObject\",\"inLanguage\":\"es-CO\",\"@id\":\"https:\\\/\\\/colegiolaesperanza.edu.co\\\/website\\\/#\\\/schema\\\/logo\\\/image\\\/\",\"url\":\"https:\\\/\\\/colegiolaesperanza.edu.co\\\/website\\\/wp-content\\\/uploads\\\/2026\\\/01\\\/escudo-CDLE-ULTIMO2-5.png\",\"contentUrl\":\"https:\\\/\\\/colegiolaesperanza.edu.co\\\/website\\\/wp-content\\\/uploads\\\/2026\\\/01\\\/escudo-CDLE-ULTIMO2-5.png\",\"width\":1055,\"height\":1091,\"caption\":\"COLEGIO DE LA ESPERANZA\"},\"image\":{\"@id\":\"https:\\\/\\\/colegiolaesperanza.edu.co\\\/website\\\/#\\\/schema\\\/logo\\\/image\\\/\"},\"sameAs\":[\"https:\\\/\\\/www.facebook.com\\\/colegiodelaesperanza\\\/\",\"https:\\\/\\\/x.com\\\/CDLESPERANZA\",\"https:\\\/\\\/www.instagram.com\\\/colegiodelaesperanza\\\/\",\"https:\\\/\\\/www.youtube.com\\\/channel\\\/UCJ8ifhy6fCNILFvU7iQIlqQ\",\"https:\\\/\\\/www.tiktok.com\\\/@cdle.cartagena\",\"https:\\\/\\\/www.linkedin.com\\\/in\\\/cdle-colegio-de-la-esperanza-9278a3150\\\/\"],\"description\":\"Fundado el 2 de enero de 1870, con m\u00e1s de 150 a\u00f1os al servicio educativo de la regi\u00f3n. Principios de formaci\u00f3n: Instrucci\u00f3n y Disciplina. Brindamos una cuidadosa formaci\u00f3n integral dise\u00f1ada para desarrollar el potencial de tus hijos afianzando las habilidades acad\u00e9micas, f\u00edsicas y art\u00edsticas.\",\"email\":\"info@colegiolaesperanza.edu.co\",\"telephone\":\"+57 (605) 651-6294\",\"legalName\":\"Colegio de la Esperanza\",\"publishingPrinciples\":\"https:\\\/\\\/colegiolaesperanza.edu.co\\\/website\\\/blog-noticias\\\/\",\"ownershipFundingInfo\":\"https:\\\/\\\/colegiolaesperanza.edu.co\\\/website\\\/nuestra-institucion\\\/\",\"actionableFeedbackPolicy\":\"https:\\\/\\\/colegiolaesperanza.edu.co\\\/website\\\/politica-privacidad\\\/\",\"correctionsPolicy\":\"https:\\\/\\\/colegiolaesperanza.edu.co\\\/website\\\/politica-privacidad\\\/\",\"ethicsPolicy\":\"https:\\\/\\\/colegiolaesperanza.edu.co\\\/website\\\/politica-privacidad\\\/\",\"diversityPolicy\":\"https:\\\/\\\/colegiolaesperanza.edu.co\\\/website\\\/politica-privacidad\\\/\",\"diversityStaffingReport\":\"https:\\\/\\\/colegiolaesperanza.edu.co\\\/website\\\/politica-privacidad\\\/\"}]}<\/script>\n<!-- \/ Yoast SEO Premium plugin. -->","yoast_head_json":{"title":"Trabaja con Nosotros | COLEGIO DE LA ESPERANZA","robots":{"index":"index","follow":"follow","max-snippet":"max-snippet:-1","max-image-preview":"max-image-preview:large","max-video-preview":"max-video-preview:-1"},"canonical":"https:\/\/colegiolaesperanza.edu.co\/website\/trabaja-con-nosotros\/","og_locale":"es_ES","og_type":"article","og_title":"Trabaja con Nosotros","og_description":"TRABAJA CON NOSOTROS COLEGIO DE LA ESPERANZA Estamos Ubicados en el Barrio Crespo en la ciudad de Cartagena de Indias, Colombia. TRABAJA CON NOSOTROS \u00a1Se parte de la aventurade transformar vidas! El Colegio de la Esperanza concibe que su mayor fortaleza est\u00e1 representada en la competencia del equipo humano, lo que hace posible construir una [&hellip;]","og_url":"https:\/\/colegiolaesperanza.edu.co\/website\/trabaja-con-nosotros\/","og_site_name":"COLEGIO DE LA ESPERANZA","article_publisher":"https:\/\/www.facebook.com\/colegiodelaesperanza\/","article_modified_time":"2026-01-14T21:55:30+00:00","og_image":[{"width":1030,"height":490,"url":"https:\/\/colegiolaesperanza.edu.co\/website\/wp-content\/uploads\/2025\/01\/plataforma-cdle-2024.jpg","type":"image\/jpeg"}],"twitter_card":"summary_large_image","twitter_site":"@CDLESPERANZA","twitter_misc":{"Tiempo de lectura":"1 minuto"},"schema":{"@context":"https:\/\/schema.org","@graph":[{"@type":"WebPage","@id":"https:\/\/colegiolaesperanza.edu.co\/website\/trabaja-con-nosotros\/","url":"https:\/\/colegiolaesperanza.edu.co\/website\/trabaja-con-nosotros\/","name":"Trabaja con Nosotros | COLEGIO DE LA ESPERANZA","isPartOf":{"@id":"https:\/\/colegiolaesperanza.edu.co\/website\/#website"},"datePublished":"2024-01-01T20:45:12+00:00","dateModified":"2026-01-14T21:55:30+00:00","breadcrumb":{"@id":"https:\/\/colegiolaesperanza.edu.co\/website\/trabaja-con-nosotros\/#breadcrumb"},"inLanguage":"es-CO","potentialAction":[{"@type":"ReadAction","target":["https:\/\/colegiolaesperanza.edu.co\/website\/trabaja-con-nosotros\/"]}]},{"@type":"BreadcrumbList","@id":"https:\/\/colegiolaesperanza.edu.co\/website\/trabaja-con-nosotros\/#breadcrumb","itemListElement":[{"@type":"ListItem","position":1,"name":"Inicio","item":"https:\/\/colegiolaesperanza.edu.co\/website\/"},{"@type":"ListItem","position":2,"name":"Trabaja con Nosotros"}]},{"@type":"WebSite","@id":"https:\/\/colegiolaesperanza.edu.co\/website\/#website","url":"https:\/\/colegiolaesperanza.edu.co\/website\/","name":"COLEGIO DE LA ESPERANZA","description":"Una Educaci\u00f3n S\u00f3lida, con el Prestigio y la Experiencia de M\u00e1s de 150 A\u00f1os.","publisher":{"@id":"https:\/\/colegiolaesperanza.edu.co\/website\/#organization"},"potentialAction":[{"@type":"SearchAction","target":{"@type":"EntryPoint","urlTemplate":"https:\/\/colegiolaesperanza.edu.co\/website\/?s={search_term_string}"},"query-input":{"@type":"PropertyValueSpecification","valueRequired":true,"valueName":"search_term_string"}}],"inLanguage":"es-CO"},{"@type":"Organization","@id":"https:\/\/colegiolaesperanza.edu.co\/website\/#organization","name":"COLEGIO DE LA ESPERANZA","url":"https:\/\/colegiolaesperanza.edu.co\/website\/","logo":{"@type":"ImageObject","inLanguage":"es-CO","@id":"https:\/\/colegiolaesperanza.edu.co\/website\/#\/schema\/logo\/image\/","url":"https:\/\/colegiolaesperanza.edu.co\/website\/wp-content\/uploads\/2026\/01\/escudo-CDLE-ULTIMO2-5.png","contentUrl":"https:\/\/colegiolaesperanza.edu.co\/website\/wp-content\/uploads\/2026\/01\/escudo-CDLE-ULTIMO2-5.png","width":1055,"height":1091,"caption":"COLEGIO DE LA ESPERANZA"},"image":{"@id":"https:\/\/colegiolaesperanza.edu.co\/website\/#\/schema\/logo\/image\/"},"sameAs":["https:\/\/www.facebook.com\/colegiodelaesperanza\/","https:\/\/x.com\/CDLESPERANZA","https:\/\/www.instagram.com\/colegiodelaesperanza\/","https:\/\/www.youtube.com\/channel\/UCJ8ifhy6fCNILFvU7iQIlqQ","https:\/\/www.tiktok.com\/@cdle.cartagena","https:\/\/www.linkedin.com\/in\/cdle-colegio-de-la-esperanza-9278a3150\/"],"description":"Fundado el 2 de enero de 1870, con m\u00e1s de 150 a\u00f1os al servicio educativo de la regi\u00f3n. Principios de formaci\u00f3n: Instrucci\u00f3n y Disciplina. Brindamos una cuidadosa formaci\u00f3n integral dise\u00f1ada para desarrollar el potencial de tus hijos afianzando las habilidades acad\u00e9micas, f\u00edsicas y art\u00edsticas.","email":"info@colegiolaesperanza.edu.co","telephone":"+57 (605) 651-6294","legalName":"Colegio de la Esperanza","publishingPrinciples":"https:\/\/colegiolaesperanza.edu.co\/website\/blog-noticias\/","ownershipFundingInfo":"https:\/\/colegiolaesperanza.edu.co\/website\/nuestra-institucion\/","actionableFeedbackPolicy":"https:\/\/colegiolaesperanza.edu.co\/website\/politica-privacidad\/","correctionsPolicy":"https:\/\/colegiolaesperanza.edu.co\/website\/politica-privacidad\/","ethicsPolicy":"https:\/\/colegiolaesperanza.edu.co\/website\/politica-privacidad\/","diversityPolicy":"https:\/\/colegiolaesperanza.edu.co\/website\/politica-privacidad\/","diversityStaffingReport":"https:\/\/colegiolaesperanza.edu.co\/website\/politica-privacidad\/"}]}},"_links":{"self":[{"href":"https:\/\/colegiolaesperanza.edu.co\/website\/wp-json\/wp\/v2\/pages\/12735","targetHints":{"allow":["GET"]}}],"collection":[{"href":"https:\/\/colegiolaesperanza.edu.co\/website\/wp-json\/wp\/v2\/pages"}],"about":[{"href":"https:\/\/colegiolaesperanza.edu.co\/website\/wp-json\/wp\/v2\/types\/page"}],"author":[{"embeddable":true,"href":"https:\/\/colegiolaesperanza.edu.co\/website\/wp-json\/wp\/v2\/users\/5"}],"replies":[{"embeddable":true,"href":"https:\/\/colegiolaesperanza.edu.co\/website\/wp-json\/wp\/v2\/comments?post=12735"}],"version-history":[{"count":1,"href":"https:\/\/colegiolaesperanza.edu.co\/website\/wp-json\/wp\/v2\/pages\/12735\/revisions"}],"predecessor-version":[{"id":17330,"href":"https:\/\/colegiolaesperanza.edu.co\/website\/wp-json\/wp\/v2\/pages\/12735\/revisions\/17330"}],"wp:attachment":[{"href":"https:\/\/colegiolaesperanza.edu.co\/website\/wp-json\/wp\/v2\/media?parent=12735"}],"curies":[{"name":"wp","href":"https:\/\/api.w.org\/{rel}","templated":true}]}}